{"id":464,"date":"2023-05-08T11:14:19","date_gmt":"2023-05-08T14:14:19","guid":{"rendered":"https:\/\/rallyclube.com.br\/rpmc\/?page_id=464"},"modified":"2024-07-26T13:49:02","modified_gmt":"2024-07-26T16:49:02","slug":"etapa-02","status":"publish","type":"page","link":"https:\/\/rallyclube.com.br\/rpmc\/rallypr\/regularidade\/etapa-02\/","title":{"rendered":"Etapa 02"},"content":{"rendered":"\t\t<div data-elementor-type=\"wp-page\" data-elementor-id=\"464\" class=\"elementor elementor-464\" data-elementor-post-type=\"page\">\n\t\t\t\t\t\t<section class=\"elementor-section elementor-top-section elementor-element elementor-element-217c0eb elementor-section-height-min-height elementor-section-boxed elementor-section-height-default elementor-section-items-middle\" data-id=\"217c0eb\" data-element_type=\"section\" data-e-type=\"section\" data-settings=\"{&quot;background_background&quot;:&quot;classic&quot;}\">\n\t\t\t\t\t\t<div class=\"elementor-container elementor-column-gap-default\">\n\t\t\t\t\t<div class=\"elementor-column elementor-col-100 elementor-top-column elementor-element elementor-element-46ed558\" data-id=\"46ed558\" data-element_type=\"column\" data-e-type=\"column\">\n\t\t\t<div class=\"elementor-widget-wrap\">\n\t\t\t\t\t\t\t<\/div>\n\t\t<\/div>\n\t\t\t\t\t<\/div>\n\t\t<\/section>\n\t\t\t\t<section class=\"elementor-section elementor-top-section elementor-element elementor-element-8e07eef elementor-section-boxed elementor-section-height-default elementor-section-height-default\" data-id=\"8e07eef\" data-element_type=\"section\" data-e-type=\"section\" data-settings=\"{&quot;background_background&quot;:&quot;classic&quot;}\">\n\t\t\t\t\t\t<div class=\"elementor-container elementor-column-gap-default\">\n\t\t\t\t\t<div class=\"elementor-column elementor-col-100 elementor-top-column elementor-element elementor-element-6e675cc\" data-id=\"6e675cc\" data-element_type=\"column\" data-e-type=\"column\" data-settings=\"{&quot;background_background&quot;:&quot;classic&quot;}\">\n\t\t\t<div class=\"elementor-widget-wrap elementor-element-populated\">\n\t\t\t\t\t\t<section class=\"elementor-section elementor-inner-section elementor-element elementor-element-ae55058 elementor-section-boxed elementor-section-height-default elementor-section-height-default\" data-id=\"ae55058\" data-element_type=\"section\" data-e-type=\"section\">\n\t\t\t\t\t\t<div class=\"elementor-container elementor-column-gap-default\">\n\t\t\t\t\t<div class=\"elementor-column elementor-col-50 elementor-inner-column elementor-element elementor-element-e67d292\" data-id=\"e67d292\" data-element_type=\"column\" data-e-type=\"column\">\n\t\t\t<div class=\"elementor-widget-wrap elementor-element-populated\">\n\t\t\t\t\t\t<div class=\"elementor-element elementor-element-6205485 elementor-widget elementor-widget-image\" data-id=\"6205485\" data-element_type=\"widget\" data-e-type=\"widget\" data-widget_type=\"image.default\">\n\t\t\t\t<div class=\"elementor-widget-container\">\n\t\t\t\t\t\t\t\t\t\t\t\t\t\t\t<img decoding=\"async\" src=\"https:\/\/rallyclube.com.br\/rpmc\/wp-content\/uploads\/2024\/03\/Rally-de-Outono-Logo.png\" title=\"\" alt=\"\" loading=\"lazy\" \/>\t\t\t\t\t\t\t\t\t\t\t\t\t\t\t<\/div>\n\t\t\t\t<\/div>\n\t\t\t\t\t<\/div>\n\t\t<\/div>\n\t\t\t\t<div class=\"elementor-column elementor-col-50 elementor-inner-column elementor-element elementor-element-ed861ed\" data-id=\"ed861ed\" data-element_type=\"column\" data-e-type=\"column\">\n\t\t\t<div class=\"elementor-widget-wrap elementor-element-populated\">\n\t\t\t\t\t\t<div class=\"elementor-element elementor-element-d9a3f0a elementor-widget elementor-widget-heading\" data-id=\"d9a3f0a\" data-element_type=\"widget\" data-e-type=\"widget\" data-widget_type=\"heading.default\">\n\t\t\t\t<div class=\"elementor-widget-container\">\n\t\t\t\t\t<h1 class=\"elementor-heading-title elementor-size-default\">Rally de Outono<\/h1>\t\t\t\t<\/div>\n\t\t\t\t<\/div>\n\t\t\t\t<div class=\"elementor-element elementor-element-580200d elementor-widget elementor-widget-text-editor\" data-id=\"580200d\" data-element_type=\"widget\" data-e-type=\"widget\" data-widget_type=\"text-editor.default\">\n\t\t\t\t<div class=\"elementor-widget-container\">\n\t\t\t\t\t\t\t\t\t<p>2\u00aa etapa do Campeonato Paranaense de Rally de Regularidade<\/p>\n<p>1\u00ba de junho de 2024 &#8211; Morretes \/ PR<\/p>\t\t\t\t\t\t\t\t<\/div>\n\t\t\t\t<\/div>\n\t\t\t\t\t<\/div>\n\t\t<\/div>\n\t\t\t\t\t<\/div>\n\t\t<\/section>\n\t\t\t\t<section class=\"elementor-section elementor-inner-section elementor-element elementor-element-22d1f86 elementor-section-boxed elementor-section-height-default elementor-section-height-default\" data-id=\"22d1f86\" data-element_type=\"section\" data-e-type=\"section\">\n\t\t\t\t\t\t<div class=\"elementor-container elementor-column-gap-default\">\n\t\t\t\t\t<div class=\"elementor-column elementor-col-66 elementor-inner-column elementor-element elementor-element-493a3e6\" data-id=\"493a3e6\" data-element_type=\"column\" data-e-type=\"column\">\n\t\t\t<div class=\"elementor-widget-wrap elementor-element-populated\">\n\t\t\t\t\t\t<div class=\"elementor-element elementor-element-030de0e elementor-widget elementor-widget-text-editor\" data-id=\"030de0e\" data-element_type=\"widget\" data-e-type=\"widget\" data-widget_type=\"text-editor.default\">\n\t\t\t\t<div class=\"elementor-widget-container\">\n\t\t\t\t\t\t\t\t\t<p>A 2\u00aa etapa do Campeonato Paranaense de Rally de Regularidade vai percorrer 108km de trechos de regularidade, em um total de 212km, passando pelos munic\u00edpios de S\u00e3o Jos\u00e9 dos Pinhais, Guaratuba, Garuva e Morretes at\u00e9 chegar em Antonina, no litoral do Paran\u00e1.\u00a0\u00a0<\/p>\t\t\t\t\t\t\t\t<\/div>\n\t\t\t\t<\/div>\n\t\t\t\t<div class=\"elementor-element elementor-element-16a5b9f elementor-widget elementor-widget-heading\" data-id=\"16a5b9f\" data-element_type=\"widget\" data-e-type=\"widget\" data-widget_type=\"heading.default\">\n\t\t\t\t<div class=\"elementor-widget-container\">\n\t\t\t\t\t<h2 class=\"elementor-heading-title elementor-size-default\">Programa\u00e7\u00e3o<\/h2>\t\t\t\t<\/div>\n\t\t\t\t<\/div>\n\t\t\t\t<div class=\"elementor-element elementor-element-481ab77 elementor-widget elementor-widget-text-editor\" data-id=\"481ab77\" data-element_type=\"widget\" data-e-type=\"widget\" data-widget_type=\"text-editor.default\">\n\t\t\t\t<div class=\"elementor-widget-container\">\n\t\t\t\t\t\t\t\t\t<p><span style=\"text-decoration: underline;\">Sexta-feira, 31 de maio de 2024<\/span><\/p>\n<ul>\n<li>19:30 &#8211; Briefing (Happy Burger)<\/li>\n<li>20:30 &#8211; Aula de Navega\u00e7\u00e3o (Happy Burguer)<\/li>\n<\/ul>\n<p><span style=\"text-decoration: underline;\">S\u00e1bado, 01 de junho de 2024<\/span><\/p>\n<ul>\n<li>09:30 &#8211; Largada (Parque S\u00e3o Jos\u00e9 em S\u00e3o Jos\u00e9 dos Pinhais)<\/li>\n<li>12:30 &#8211; Neutralizado de almo\u00e7o (Posto Dibrape em Garuva)<\/li>\n<li>17:00 &#8211; Chegada (Restaurante Ba\u00eda Douro em Antonina)<\/li>\n<\/ul>\t\t\t\t\t\t\t\t<\/div>\n\t\t\t\t<\/div>\n\t\t\t\t\t<\/div>\n\t\t<\/div>\n\t\t\t\t<div class=\"elementor-column elementor-col-33 elementor-inner-column elementor-element elementor-element-d95b04c\" data-id=\"d95b04c\" data-element_type=\"column\" data-e-type=\"column\">\n\t\t\t<div class=\"elementor-widget-wrap elementor-element-populated\">\n\t\t\t\t\t\t<div class=\"elementor-element elementor-element-dc3c7c8 elementor-widget elementor-widget-heading\" data-id=\"dc3c7c8\" data-element_type=\"widget\" data-e-type=\"widget\" data-widget_type=\"heading.default\">\n\t\t\t\t<div class=\"elementor-widget-container\">\n\t\t\t\t\t<h2 class=\"elementor-heading-title elementor-size-default\">Inscri\u00e7\u00e3o<\/h2>\t\t\t\t<\/div>\n\t\t\t\t<\/div>\n\t\t\t\t<div class=\"elementor-element elementor-element-6fea9c7 elementor-widget elementor-widget-text-editor\" data-id=\"6fea9c7\" data-element_type=\"widget\" data-e-type=\"widget\" data-widget_type=\"text-editor.default\">\n\t\t\t\t<div class=\"elementor-widget-container\">\n\t\t\t\t\t\t\t\t\t<p>Valor da Inscri\u00e7\u00e3o:\u00a0<\/p><ul><li>S\u00f3cio RPMC: R$ 240,00<\/li><li>Demais: R$ 290,00<\/li><\/ul>\t\t\t\t\t\t\t\t<\/div>\n\t\t\t\t<\/div>\n\t\t\t\t<div class=\"elementor-element elementor-element-47f6aa0 elementor-icon-list--layout-traditional elementor-list-item-link-full_width elementor-widget elementor-widget-icon-list\" data-id=\"47f6aa0\" data-element_type=\"widget\" data-e-type=\"widget\" data-widget_type=\"icon-list.default\">\n\t\t\t\t<div class=\"elementor-widget-container\">\n\t\t\t\t\t\t\t<ul class=\"elementor-icon-list-items\">\n\t\t\t\t\t\t\t<li class=\"elementor-icon-list-item\">\n\t\t\t\t\t\t\t\t\t\t\t<span class=\"elementor-icon-list-icon\">\n\t\t\t\t\t\t\t<i aria-hidden=\"true\" class=\"fas fa-file-pdf\"><\/i>\t\t\t\t\t\t<\/span>\n\t\t\t\t\t\t\t\t\t\t<span class=\"elementor-icon-list-text\">RPP<\/span>\n\t\t\t\t\t\t\t\t\t<\/li>\n\t\t\t\t\t\t\t\t<li class=\"elementor-icon-list-item\">\n\t\t\t\t\t\t\t\t\t\t\t<a href=\"http:\/\/www.rallyclube.com.br\/rpmc\/ficha-de-inscricao\/\">\n\n\t\t\t\t\t\t\t\t\t\t\t\t<span class=\"elementor-icon-list-icon\">\n\t\t\t\t\t\t\t<i aria-hidden=\"true\" class=\"fas fa-list-alt\"><\/i>\t\t\t\t\t\t<\/span>\n\t\t\t\t\t\t\t\t\t\t<span class=\"elementor-icon-list-text\">Ficha de Inscri\u00e7\u00e3o<\/span>\n\t\t\t\t\t\t\t\t\t\t\t<\/a>\n\t\t\t\t\t\t\t\t\t<\/li>\n\t\t\t\t\t\t<\/ul>\n\t\t\t\t\t\t<\/div>\n\t\t\t\t<\/div>\n\t\t\t\t<div class=\"elementor-element elementor-element-a634c7f elementor-widget-divider--view-line elementor-widget elementor-widget-divider\" data-id=\"a634c7f\" data-element_type=\"widget\" data-e-type=\"widget\" data-widget_type=\"divider.default\">\n\t\t\t\t<div class=\"elementor-widget-container\">\n\t\t\t\t\t\t\t<div class=\"elementor-divider\">\n\t\t\t<span class=\"elementor-divider-separator\">\n\t\t\t\t\t\t<\/span>\n\t\t<\/div>\n\t\t\t\t\t\t<\/div>\n\t\t\t\t<\/div>\n\t\t\t\t\t<\/div>\n\t\t<\/div>\n\t\t\t\t\t<\/div>\n\t\t<\/section>\n\t\t\t\t\t<\/div>\n\t\t<\/div>\n\t\t\t\t\t<\/div>\n\t\t<\/section>\n\t\t\t\t<section class=\"elementor-section elementor-top-section elementor-element elementor-element-cfbeea3 elementor-section-boxed elementor-section-height-default elementor-section-height-default\" data-id=\"cfbeea3\" data-element_type=\"section\" data-e-type=\"section\" data-settings=\"{&quot;background_background&quot;:&quot;classic&quot;}\">\n\t\t\t\t\t\t<div class=\"elementor-container elementor-column-gap-default\">\n\t\t\t\t\t<div class=\"elementor-column elementor-col-100 elementor-top-column elementor-element elementor-element-79dfce6\" data-id=\"79dfce6\" data-element_type=\"column\" data-e-type=\"column\" data-settings=\"{&quot;background_background&quot;:&quot;classic&quot;}\">\n\t\t\t<div class=\"elementor-widget-wrap elementor-element-populated\">\n\t\t\t\t\t\t<div class=\"elementor-element elementor-element-f59b188 elementor-widget elementor-widget-heading\" data-id=\"f59b188\" data-element_type=\"widget\" data-e-type=\"widget\" data-widget_type=\"heading.default\">\n\t\t\t\t<div class=\"elementor-widget-container\">\n\t\t\t\t\t<h2 class=\"elementor-heading-title elementor-size-default\">Lista de Inscritos<\/h2>\t\t\t\t<\/div>\n\t\t\t\t<\/div>\n\t\t\t\t<div class=\"elementor-element elementor-element-7cdb3be elementor-widget elementor-widget-text-editor\" data-id=\"7cdb3be\" data-element_type=\"widget\" data-e-type=\"widget\" data-widget_type=\"text-editor.default\">\n\t\t\t\t<div class=\"elementor-widget-container\">\n\t\t\t\t\t\t\t\t\t<table width=\"969\"><tbody><tr><td style=\"text-align: center;\" width=\"46\"><strong>N\u00ba<\/strong><\/td><td style=\"text-align: center;\" width=\"223\"><strong>Piloto<\/strong><\/td><td style=\"text-align: center;\" width=\"248\"><strong>Navegador<\/strong><\/td><td style=\"text-align: center;\" width=\"181\"><strong>Marca \/ Modelo<\/strong><\/td><td style=\"text-align: center;\" width=\"73\"><strong>Cat.<\/strong><\/td><td style=\"text-align: center;\" width=\"198\"><strong>Equipe<\/strong><\/td><\/tr><tr><td>720<\/td><td>Vinicios Mickos<\/td><td>Antonio Santiago Neto<\/td><td>Fiat Argo<\/td><td>Novatos<\/td><td>3D+<\/td><\/tr><tr><td>722<\/td><td>Guilherme Mateus Sviech Pontarolo<\/td><td>Lisa Yurie Oda<\/td><td>Renault Kwid<\/td><td>Novatos<\/td><td>0<\/td><\/tr><tr><td>739<\/td><td>Cezar Lugnani<\/td><td>Leonardo Miranda<\/td><td>Peugeot 206<\/td><td>Novatos<\/td><td>Ratoeira Racing<\/td><\/tr><tr><td>713<\/td><td>Lucas Cardoso<\/td><td>Lucas Henrique Schalinski<\/td><td>Nissan Versa 16SV Flex<\/td><td>Novatos<\/td><td>Somos Lucas Racing<\/td><\/tr><tr><td>742<\/td><td>Mauricio Nero<\/td><td>Francieli Celeghim<\/td><td>FIAT Argo<\/td><td>Novatos<\/td><td>Nero Rali Show<\/td><\/tr><tr><td>714<\/td><td>Ronaldo Paske de Pinho<\/td><td>Edna de Souza Pego<\/td><td>Peugeot 206 Rally<\/td><td>Turismo<\/td><td>PSK Rally Team<\/td><\/tr><tr><td>708<\/td><td>Jonathan Volkmann<\/td><td>Ariadne Volkmann<\/td><td>Nissan Versa SL<\/td><td>Turismo<\/td><td>Volkmann Racing<\/td><\/tr><tr><td>703<\/td><td>Paulo Henrique vieira<\/td><td>Leandro Macedo Ferreira<\/td><td>L200<\/td><td>Graduados<\/td><td>0<\/td><\/tr><\/tbody><\/table>\t\t\t\t\t\t\t\t<\/div>\n\t\t\t\t<\/div>\n\t\t\t\t\t<\/div>\n\t\t<\/div>\n\t\t\t\t\t<\/div>\n\t\t<\/section>\n\t\t\t\t<\/div>\n\t\t","protected":false},"excerpt":{"rendered":"<p>\/*! elementor &#8211; v3.21.0 &#8211; 08-05-2024 *\/ .elementor-widget-image{text-align:center}.elementor-widget-image a{display:inline-block}.elementor-widget-image a img[src$=&#8221;.svg&#8221;]{width:48px}.elementor-widget-image img{vertical-align:middle;display:inline-block} \/*! elementor &#8211; v3.21.0 &#8211; 08-05-2024 *\/ .elementor-heading-title{padding:0;margin:0;line-height:1}.elementor-widget-heading .elementor-heading-title[class*=elementor-size-]&gt;a{color:inherit;font-size:inherit;line-height:inherit}.elementor-widget-heading .elementor-heading-title.elementor-size-small{font-size:15px}.elementor-widget-heading .elementor-heading-title.elementor-size-medium{font-size:19px}.elementor-widget-heading .elementor-heading-title.elementor-size-large{font-size:29px}.elementor-widget-heading .elementor-heading-title.elementor-size-xl{font-size:39px}.elementor-widget-heading .elementor-heading-title.elementor-size-xxl{font-size:59px} Rally de Outono 2\u00aa etapa do Campeonato Paranaense de Rally de Regularidade 1\u00ba de junho de 2024 &#8211; Morretes \/ PR A 2\u00aa etapa do Campeonato Paranaense de Rally [&hellip;]<\/p>\n","protected":false},"author":2,"featured_media":0,"parent":388,"menu_order":0,"comment_status":"closed","ping_status":"closed","template":"elementor_header_footer","meta":{"footnotes":""},"class_list":["post-464","page","type-page","status-publish","hentry"],"_links":{"self":[{"href":"https:\/\/rallyclube.com.br\/rpmc\/wp-json\/wp\/v2\/pages\/464","targetHints":{"allow":["GET"]}}],"collection":[{"href":"https:\/\/rallyclube.com.br\/rpmc\/wp-json\/wp\/v2\/pages"}],"about":[{"href":"https:\/\/rallyclube.com.br\/rpmc\/wp-json\/wp\/v2\/types\/page"}],"author":[{"embeddable":true,"href":"https:\/\/rallyclube.com.br\/rpmc\/wp-json\/wp\/v2\/users\/2"}],"replies":[{"embeddable":true,"href":"https:\/\/rallyclube.com.br\/rpmc\/wp-json\/wp\/v2\/comments?post=464"}],"version-history":[{"count":10,"href":"https:\/\/rallyclube.com.br\/rpmc\/wp-json\/wp\/v2\/pages\/464\/revisions"}],"predecessor-version":[{"id":1733,"href":"https:\/\/rallyclube.com.br\/rpmc\/wp-json\/wp\/v2\/pages\/464\/revisions\/1733"}],"up":[{"embeddable":true,"href":"https:\/\/rallyclube.com.br\/rpmc\/wp-json\/wp\/v2\/pages\/388"}],"wp:attachment":[{"href":"https:\/\/rallyclube.com.br\/rpmc\/wp-json\/wp\/v2\/media?parent=464"}],"curies":[{"name":"wp","href":"https:\/\/api.w.org\/{rel}","templated":true}]}}