{"id":2198,"date":"2025-01-22T17:52:17","date_gmt":"2025-01-22T20:52:17","guid":{"rendered":"https:\/\/rallyclube.com.br\/rpmc\/?post_type=product&#038;p=2198"},"modified":"2025-02-17T11:58:59","modified_gmt":"2025-02-17T14:58:59","slug":"socio-velocidade-anual","status":"publish","type":"product","link":"https:\/\/rallyclube.com.br\/rpmc\/produto\/socio-velocidade-anual\/","title":{"rendered":"S\u00f3cio Velocidade Anual"},"content":{"rendered":"<p>Seja s\u00f3cio do RPMC!<\/p>\n<p>Como s\u00f3cio velocidade, al\u00e9m de apoiar o crescimento do esporte, voc\u00ea tem acesso ao clube de vantagens e desconto nas provas de rally de velocidade e regularidade do campeonato paranaense de rally.<\/p>\n<p>Pagando anuidade, voc\u00ea garante 2 meses de gra\u00e7a.<\/p>\n","protected":false},"excerpt":{"rendered":"<p>Seja S\u00f3cio Velocidade do RPMC!<\/p>\n","protected":false},"featured_media":75,"template":"","meta":[],"product_brand":[],"product_cat":[32],"product_tag":[],"class_list":{"0":"post-2198","1":"product","2":"type-product","3":"status-publish","4":"has-post-thumbnail","6":"product_cat-associacao","8":"first","9":"instock","10":"virtual","11":"sold-individually","12":"taxable","13":"purchasable","14":"product-type-simple"},"_links":{"self":[{"href":"https:\/\/rallyclube.com.br\/rpmc\/wp-json\/wp\/v2\/product\/2198","targetHints":{"allow":["GET"]}}],"collection":[{"href":"https:\/\/rallyclube.com.br\/rpmc\/wp-json\/wp\/v2\/product"}],"about":[{"href":"https:\/\/rallyclube.com.br\/rpmc\/wp-json\/wp\/v2\/types\/product"}],"wp:featuredmedia":[{"embeddable":true,"href":"https:\/\/rallyclube.com.br\/rpmc\/wp-json\/wp\/v2\/media\/75"}],"wp:attachment":[{"href":"https:\/\/rallyclube.com.br\/rpmc\/wp-json\/wp\/v2\/media?parent=2198"}],"wp:term":[{"taxonomy":"product_brand","embeddable":true,"href":"https:\/\/rallyclube.com.br\/rpmc\/wp-json\/wp\/v2\/product_brand?post=2198"},{"taxonomy":"product_cat","embeddable":true,"href":"https:\/\/rallyclube.com.br\/rpmc\/wp-json\/wp\/v2\/product_cat?post=2198"},{"taxonomy":"product_tag","embeddable":true,"href":"https:\/\/rallyclube.com.br\/rpmc\/wp-json\/wp\/v2\/product_tag?post=2198"}],"curies":[{"name":"wp","href":"https:\/\/api.w.org\/{rel}","templated":true}]}}