{"id":2247,"date":"2025-01-29T01:57:09","date_gmt":"2025-01-29T04:57:09","guid":{"rendered":"https:\/\/rallyclube.com.br\/rpmc\/?post_type=product&#038;p=2247"},"modified":"2026-01-09T16:06:15","modified_gmt":"2026-01-09T19:06:15","slug":"carteira-rally-de-velocidade","status":"publish","type":"product","link":"https:\/\/rallyclube.com.br\/rpmc\/produto\/carteira-rally-de-velocidade\/","title":{"rendered":"Carteira Rally de Velocidade"},"content":{"rendered":"<p>Atrav\u00e9s de uma parceria com FPRA &#8211; Federa\u00e7\u00e3o Paranaense de Automobilismo, s\u00f3cios do RPMC t\u00eam desconto na emiss\u00e3o da C\u00e9dula Desportiva para Piloto e Navegador de Rally de Velocidade.<\/p>\n<p>O desconto de cada s\u00f3cio ser\u00e1 proporcional ao n\u00famero de pontos ofertados no momento da finaliza\u00e7\u00e3o do pedido. Cada 10 pontos equivale a R$ 1,00 de desconto. Ofertando o m\u00e1ximo de 5.225 pontos, o competidor ter\u00e1 50% de desconto.<\/p>\n<p>Ap\u00f3s finalizar o pedido junto ao RPMC, seus dados ser\u00e3o encaminhados para a FPRA juntamente com o montante subsidiado pelo clube. A emiss\u00e3o da c\u00e9dula desportiva ser\u00e1 entregue pela FPRA no endere\u00e7o do competidor.<\/p>\n<p>&nbsp;<\/p>\n<hr \/>\n<p>&nbsp;<\/p>\n<p>Na d\u00favida sobre qual \u00e9 a categoria da sua C\u00e9dula Desportiva, acesse <a href=\"https:\/\/cba.org.br\/pilotos\" target=\"_blank\" rel=\"noopener\">https:\/\/cba.org.br\/pilotos<\/a> .<\/p>\n<p>&nbsp;<\/p>\n","protected":false},"excerpt":{"rendered":"<p>Garanta at\u00e9 50% de desconto com seus pontos na solicita\u00e7\u00e3o da C\u00e9dula Desportiva.<\/p>\n","protected":false},"featured_media":2347,"template":"","meta":[],"product_brand":[],"product_cat":[47],"product_tag":[],"class_list":{"0":"post-2247","1":"product","2":"type-product","3":"status-publish","4":"has-post-thumbnail","6":"product_cat-fpra","8":"first","9":"instock","10":"sold-individually","11":"taxable","12":"shipping-taxable","13":"purchasable","14":"product-type-variable"},"_links":{"self":[{"href":"https:\/\/rallyclube.com.br\/rpmc\/wp-json\/wp\/v2\/product\/2247","targetHints":{"allow":["GET"]}}],"collection":[{"href":"https:\/\/rallyclube.com.br\/rpmc\/wp-json\/wp\/v2\/product"}],"about":[{"href":"https:\/\/rallyclube.com.br\/rpmc\/wp-json\/wp\/v2\/types\/product"}],"wp:featuredmedia":[{"embeddable":true,"href":"https:\/\/rallyclube.com.br\/rpmc\/wp-json\/wp\/v2\/media\/2347"}],"wp:attachment":[{"href":"https:\/\/rallyclube.com.br\/rpmc\/wp-json\/wp\/v2\/media?parent=2247"}],"wp:term":[{"taxonomy":"product_brand","embeddable":true,"href":"https:\/\/rallyclube.com.br\/rpmc\/wp-json\/wp\/v2\/product_brand?post=2247"},{"taxonomy":"product_cat","embeddable":true,"href":"https:\/\/rallyclube.com.br\/rpmc\/wp-json\/wp\/v2\/product_cat?post=2247"},{"taxonomy":"product_tag","embeddable":true,"href":"https:\/\/rallyclube.com.br\/rpmc\/wp-json\/wp\/v2\/product_tag?post=2247"}],"curies":[{"name":"wp","href":"https:\/\/api.w.org\/{rel}","templated":true}]}}